{"id":711,"date":"2023-11-12T18:51:40","date_gmt":"2023-11-12T17:51:40","guid":{"rendered":"https:\/\/www.msbureautique.fr\/?page_id=711"},"modified":"2024-11-29T14:57:04","modified_gmt":"2024-11-29T13:57:04","slug":"a-propos-de-moi","status":"publish","type":"page","link":"https:\/\/www.msbureautique.fr\/index.php\/a-propos-de-moi\/","title":{"rendered":"A propos de moi"},"content":{"rendered":"<p>[et_pb_section fb_built=\u00a0\u00bb1&Prime; admin_label=\u00a0\u00bbHeader\u00a0\u00bb _builder_version=\u00a0\u00bb4.23.1&Prime; _module_preset=\u00a0\u00bbdefault\u00a0\u00bb background_enable_color=\u00a0\u00bboff\u00a0\u00bb background_color_gradient_start=\u00a0\u00bb#f1c292&Prime; background_color_gradient_end=\u00a0\u00bbrgba(255,255,255,0)\u00a0\u00bb background_enable_image=\u00a0\u00bboff\u00a0\u00bb background_position=\u00a0\u00bbbottom_left\u00a0\u00bb background_enable_mask_style=\u00a0\u00bbon\u00a0\u00bb background_mask_style=\u00a0\u00bbfloating-squares\u00a0\u00bb hover_enabled=\u00a0\u00bb0&Prime; global_colors_info=\u00a0\u00bb{}\u00a0\u00bb sticky_enabled=\u00a0\u00bb0&Prime;][et_pb_row _builder_version=\u00a0\u00bb4.23.1&Prime; _module_preset=\u00a0\u00bbdefault\u00a0\u00bb hover_enabled=\u00a0\u00bb0&Prime; global_colors_info=\u00a0\u00bb{}\u00a0\u00bb column_structure=\u00a0\u00bb1_2,1_2&Prime; sticky_enabled=\u00a0\u00bb0&Prime;][et_pb_column type=\u00a0\u00bb1_2&Prime; _builder_version=\u00a0\u00bb4.23.1&Prime; _module_preset=\u00a0\u00bbdefault\u00a0\u00bb hover_enabled=\u00a0\u00bb0&Prime; global_colors_info=\u00a0\u00bb{}\u00a0\u00bb sticky_enabled=\u00a0\u00bb0&Prime;][et_pb_text _builder_version=\u00a0\u00bb4.23.1&Prime; _module_preset=\u00a0\u00bbb53a70bb-9f62-4ee5-b34f-c7a321ddbf6c\u00a0\u00bb text_font=\u00a0\u00bbBoogaloo||||||||\u00a0\u00bb text_text_color=\u00a0\u00bb#212B06&Prime; header_font=\u00a0\u00bbBoogaloo||||||||\u00a0\u00bb header_text_color=\u00a0\u00bb#212B06&Prime; header_font_size=\u00a0\u00bb39px\u00a0\u00bb header_line_height=\u00a0\u00bb0.8em\u00a0\u00bb background_color=\u00a0\u00bbrgba(37,186,0,0.24)\u00a0\u00bb background_enable_mask_style=\u00a0\u00bbon\u00a0\u00bb background_mask_style=\u00a0\u00bbarch\u00a0\u00bb hover_enabled=\u00a0\u00bb0&Prime; header_font_size_tablet=\u00a0\u00bb60px\u00a0\u00bb header_font_size_phone=\u00a0\u00bb40px\u00a0\u00bb header_font_size_last_edited=\u00a0\u00bbon|phone\u00a0\u00bb locked=\u00a0\u00bboff\u00a0\u00bb global_colors_info=\u00a0\u00bb{}\u00a0\u00bb text_font_size=\u00a0\u00bb12px\u00a0\u00bb sticky_enabled=\u00a0\u00bb0&Prime;]<\/p>\n<h1>Qui est MS Bureautique ?<\/h1>\n<p>[\/et_pb_text][et_pb_image src=\u00a0\u00bbhttps:\/\/www.msbureautique.fr\/wp-content\/uploads\/2024\/10\/thumbnail_2ebec85c-6dec-4529-8e9f-0477bb94268b.jpg\u00a0\u00bb alt=\u00a0\u00bbSecr\u00e9taire Beauvais\u00a0\u00bb title_text=\u00a0\u00bbthumbnail_2ebec85c-6dec-4529-8e9f-0477bb94268b\u00a0\u00bb _builder_version=\u00a0\u00bb4.23.1&Prime; _module_preset=\u00a0\u00bbdefault\u00a0\u00bb background_color=\u00a0\u00bbrgba(37,186,0,0.24)\u00a0\u00bb background_enable_mask_style=\u00a0\u00bbon\u00a0\u00bb background_mask_style=\u00a0\u00bbrock-stack\u00a0\u00bb width=\u00a0\u00bb100%\u00a0\u00bb min_height=\u00a0\u00bb330px\u00a0\u00bb custom_margin=\u00a0\u00bb-28px|||||\u00a0\u00bb custom_padding=\u00a0\u00bb||0px|||\u00a0\u00bb hover_enabled=\u00a0\u00bb0&Prime; global_colors_info=\u00a0\u00bb{}\u00a0\u00bb sticky_enabled=\u00a0\u00bb0&Prime;][\/et_pb_image][\/et_pb_column][et_pb_column _builder_version=\u00a0\u00bb4.23.1&Prime; _module_preset=\u00a0\u00bbdefault\u00a0\u00bb type=\u00a0\u00bb1_2&Prime; hover_enabled=\u00a0\u00bb0&Prime; sticky_enabled=\u00a0\u00bb0&Prime;][et_pb_text _builder_version=\u00a0\u00bb4.23.1&Prime; _module_preset=\u00a0\u00bbdefault\u00a0\u00bb hover_enabled=\u00a0\u00bb0&Prime; sticky_enabled=\u00a0\u00bb0&Prime; text_font=\u00a0\u00bbCabin||||||||\u00a0\u00bb text_text_color=\u00a0\u00bb#212B06&Prime; text_font_size=\u00a0\u00bb19px\u00a0\u00bb]<\/p>\n<p>Je m&rsquo;appelle C\u00e9line et j&rsquo;ai 38 ans.<\/p>\n<p>Apr\u00e8s de nombreuses ann\u00e9es d\u2019exp\u00e9riences gratifiantes, je suis heureuse de proposer mes services et mes comp\u00e9tences en tant que secr\u00e9taire ind\u00e9pendante\u00a0avec mon entreprise\u00a0MS Bureautique.<\/p>\n<p>[\/et_pb_text][\/et_pb_column][\/et_pb_row][\/et_pb_section]<\/p>\n","protected":false},"excerpt":{"rendered":"<p>Qui est MS Bureautique ?Je m&rsquo;appelle C\u00e9line et j&rsquo;ai 38 ans. Apr\u00e8s de nombreuses ann\u00e9es d\u2019exp\u00e9riences gratifiantes, je suis heureuse de proposer mes services et mes comp\u00e9tences en tant que secr\u00e9taire ind\u00e9pendante\u00a0avec mon entreprise\u00a0MS Bureautique.<\/p>\n","protected":false},"author":1,"featured_media":0,"parent":0,"menu_order":0,"comment_status":"closed","ping_status":"closed","template":"","meta":{"_et_pb_use_builder":"on","_et_pb_old_content":"","_et_gb_content_width":"","footnotes":""},"class_list":["post-711","page","type-page","status-publish","hentry"],"yoast_head":"<!-- This site is optimized with the Yoast SEO plugin v21.5 - https:\/\/yoast.com\/wordpress\/plugins\/seo\/ -->\n<title>A propos de MS-BUREAUTIQUE<\/title>\n<meta name=\"description\" content=\"Vous souhaitez savoir qui est derri\u00e8re MS Bureautique ?\" \/>\n<meta name=\"robots\" content=\"index, follow, max-snippet:-1, max-image-preview:large, max-video-preview:-1\" \/>\n<link rel=\"canonical\" href=\"https:\/\/www.msbureautique.fr\/index.php\/a-propos-de-moi\/\" \/>\n<meta property=\"og:locale\" content=\"fr_FR\" \/>\n<meta property=\"og:type\" content=\"article\" \/>\n<meta property=\"og:title\" content=\"A propos de MS-BUREAUTIQUE\" \/>\n<meta property=\"og:description\" content=\"Vous souhaitez savoir qui est derri\u00e8re MS Bureautique ?\" \/>\n<meta property=\"og:url\" content=\"https:\/\/www.msbureautique.fr\/index.php\/a-propos-de-moi\/\" \/>\n<meta property=\"og:site_name\" content=\"MS-BUREAUTIQUE\" \/>\n<meta property=\"article:modified_time\" content=\"2024-11-29T13:57:04+00:00\" \/>\n<meta name=\"twitter:card\" content=\"summary_large_image\" \/>\n<meta name=\"twitter:label1\" content=\"Dur\u00e9e de lecture estim\u00e9e\" \/>\n\t<meta name=\"twitter:data1\" content=\"1 minute\" \/>\n<script type=\"application\/ld+json\" class=\"yoast-schema-graph\">{\"@context\":\"https:\/\/schema.org\",\"@graph\":[{\"@type\":\"WebPage\",\"@id\":\"https:\/\/www.msbureautique.fr\/index.php\/a-propos-de-moi\/\",\"url\":\"https:\/\/www.msbureautique.fr\/index.php\/a-propos-de-moi\/\",\"name\":\"A propos de MS-BUREAUTIQUE\",\"isPartOf\":{\"@id\":\"https:\/\/www.msbureautique.fr\/#website\"},\"datePublished\":\"2023-11-12T17:51:40+00:00\",\"dateModified\":\"2024-11-29T13:57:04+00:00\",\"description\":\"Vous souhaitez savoir qui est derri\u00e8re MS Bureautique ?\",\"breadcrumb\":{\"@id\":\"https:\/\/www.msbureautique.fr\/index.php\/a-propos-de-moi\/#breadcrumb\"},\"inLanguage\":\"fr-FR\",\"potentialAction\":[{\"@type\":\"ReadAction\",\"target\":[\"https:\/\/www.msbureautique.fr\/index.php\/a-propos-de-moi\/\"]}]},{\"@type\":\"BreadcrumbList\",\"@id\":\"https:\/\/www.msbureautique.fr\/index.php\/a-propos-de-moi\/#breadcrumb\",\"itemListElement\":[{\"@type\":\"ListItem\",\"position\":1,\"name\":\"Accueil\",\"item\":\"https:\/\/www.msbureautique.fr\/\"},{\"@type\":\"ListItem\",\"position\":2,\"name\":\"A propos de moi\"}]},{\"@type\":\"WebSite\",\"@id\":\"https:\/\/www.msbureautique.fr\/#website\",\"url\":\"https:\/\/www.msbureautique.fr\/\",\"name\":\"MS-BUREAUTIQUE\",\"description\":\"Votre partenaire en travaux de bureautique.\",\"potentialAction\":[{\"@type\":\"SearchAction\",\"target\":{\"@type\":\"EntryPoint\",\"urlTemplate\":\"https:\/\/www.msbureautique.fr\/?s={search_term_string}\"},\"query-input\":\"required name=search_term_string\"}],\"inLanguage\":\"fr-FR\"}]}<\/script>\n<!-- \/ Yoast SEO plugin. -->","yoast_head_json":{"title":"A propos de MS-BUREAUTIQUE","description":"Vous souhaitez savoir qui est derri\u00e8re MS Bureautique ?","robots":{"index":"index","follow":"follow","max-snippet":"max-snippet:-1","max-image-preview":"max-image-preview:large","max-video-preview":"max-video-preview:-1"},"canonical":"https:\/\/www.msbureautique.fr\/index.php\/a-propos-de-moi\/","og_locale":"fr_FR","og_type":"article","og_title":"A propos de MS-BUREAUTIQUE","og_description":"Vous souhaitez savoir qui est derri\u00e8re MS Bureautique ?","og_url":"https:\/\/www.msbureautique.fr\/index.php\/a-propos-de-moi\/","og_site_name":"MS-BUREAUTIQUE","article_modified_time":"2024-11-29T13:57:04+00:00","twitter_card":"summary_large_image","twitter_misc":{"Dur\u00e9e de lecture estim\u00e9e":"1 minute"},"schema":{"@context":"https:\/\/schema.org","@graph":[{"@type":"WebPage","@id":"https:\/\/www.msbureautique.fr\/index.php\/a-propos-de-moi\/","url":"https:\/\/www.msbureautique.fr\/index.php\/a-propos-de-moi\/","name":"A propos de MS-BUREAUTIQUE","isPartOf":{"@id":"https:\/\/www.msbureautique.fr\/#website"},"datePublished":"2023-11-12T17:51:40+00:00","dateModified":"2024-11-29T13:57:04+00:00","description":"Vous souhaitez savoir qui est derri\u00e8re MS Bureautique ?","breadcrumb":{"@id":"https:\/\/www.msbureautique.fr\/index.php\/a-propos-de-moi\/#breadcrumb"},"inLanguage":"fr-FR","potentialAction":[{"@type":"ReadAction","target":["https:\/\/www.msbureautique.fr\/index.php\/a-propos-de-moi\/"]}]},{"@type":"BreadcrumbList","@id":"https:\/\/www.msbureautique.fr\/index.php\/a-propos-de-moi\/#breadcrumb","itemListElement":[{"@type":"ListItem","position":1,"name":"Accueil","item":"https:\/\/www.msbureautique.fr\/"},{"@type":"ListItem","position":2,"name":"A propos de moi"}]},{"@type":"WebSite","@id":"https:\/\/www.msbureautique.fr\/#website","url":"https:\/\/www.msbureautique.fr\/","name":"MS-BUREAUTIQUE","description":"Votre partenaire en travaux de bureautique.","potentialAction":[{"@type":"SearchAction","target":{"@type":"EntryPoint","urlTemplate":"https:\/\/www.msbureautique.fr\/?s={search_term_string}"},"query-input":"required name=search_term_string"}],"inLanguage":"fr-FR"}]}},"_links":{"self":[{"href":"https:\/\/www.msbureautique.fr\/index.php\/wp-json\/wp\/v2\/pages\/711","targetHints":{"allow":["GET"]}}],"collection":[{"href":"https:\/\/www.msbureautique.fr\/index.php\/wp-json\/wp\/v2\/pages"}],"about":[{"href":"https:\/\/www.msbureautique.fr\/index.php\/wp-json\/wp\/v2\/types\/page"}],"author":[{"embeddable":true,"href":"https:\/\/www.msbureautique.fr\/index.php\/wp-json\/wp\/v2\/users\/1"}],"replies":[{"embeddable":true,"href":"https:\/\/www.msbureautique.fr\/index.php\/wp-json\/wp\/v2\/comments?post=711"}],"version-history":[{"count":23,"href":"https:\/\/www.msbureautique.fr\/index.php\/wp-json\/wp\/v2\/pages\/711\/revisions"}],"predecessor-version":[{"id":1079,"href":"https:\/\/www.msbureautique.fr\/index.php\/wp-json\/wp\/v2\/pages\/711\/revisions\/1079"}],"wp:attachment":[{"href":"https:\/\/www.msbureautique.fr\/index.php\/wp-json\/wp\/v2\/media?parent=711"}],"curies":[{"name":"wp","href":"https:\/\/api.w.org\/{rel}","templated":true}]}}