{"id":263,"date":"2023-11-11T20:23:13","date_gmt":"2023-11-11T19:23:13","guid":{"rendered":"https:\/\/www.msbureautique.fr\/?page_id=263"},"modified":"2025-04-02T10:15:36","modified_gmt":"2025-04-02T08:15:36","slug":"tarifs-ms-bureautique","status":"publish","type":"page","link":"https:\/\/www.msbureautique.fr\/index.php\/tarifs-ms-bureautique\/","title":{"rendered":"Tarifs"},"content":{"rendered":"<p>[et_pb_section fb_built=\u00a0\u00bb1&Prime; admin_label=\u00a0\u00bbHeader\u00a0\u00bb _builder_version=\u00a0\u00bb4.23.1&Prime; _module_preset=\u00a0\u00bbdefault\u00a0\u00bb background_color=\u00a0\u00bb#74BA57&Prime; background_enable_image=\u00a0\u00bboff\u00a0\u00bb background_size=\u00a0\u00bbcontain\u00a0\u00bb background_position=\u00a0\u00bbbottom_left\u00a0\u00bb background_enable_mask_style=\u00a0\u00bbon\u00a0\u00bb background_mask_style=\u00a0\u00bbtriangles\u00a0\u00bb locked=\u00a0\u00bboff\u00a0\u00bb global_colors_info=\u00a0\u00bb{}\u00a0\u00bb][et_pb_row _builder_version=\u00a0\u00bb4.16&Prime; _module_preset=\u00a0\u00bbdefault\u00a0\u00bb custom_padding=\u00a0\u00bb||0px||false|false\u00a0\u00bb global_colors_info=\u00a0\u00bb{}\u00a0\u00bb][et_pb_column type=\u00a0\u00bb4_4&Prime; _builder_version=\u00a0\u00bb4.16&Prime; _module_preset=\u00a0\u00bbdefault\u00a0\u00bb global_colors_info=\u00a0\u00bb{}\u00a0\u00bb][et_pb_text _builder_version=\u00a0\u00bb4.23.1&Prime; _module_preset=\u00a0\u00bbb53a70bb-9f62-4ee5-b34f-c7a321ddbf6c\u00a0\u00bb text_text_color=\u00a0\u00bb#212B06&Prime; header_font=\u00a0\u00bbCharis SIL||||||||\u00a0\u00bb header_text_color=\u00a0\u00bb#212B06&Prime; header_font_size=\u00a0\u00bb130px\u00a0\u00bb header_line_height=\u00a0\u00bb0.8em\u00a0\u00bb header_font_size_tablet=\u00a0\u00bb60px\u00a0\u00bb header_font_size_phone=\u00a0\u00bb40px\u00a0\u00bb header_font_size_last_edited=\u00a0\u00bbon|phone\u00a0\u00bb global_colors_info=\u00a0\u00bb{}\u00a0\u00bb]<\/p>\n<h1>TARIFS :<\/h1>\n<p>&nbsp;<\/p>\n<h2><span style=\"color: #212b06;\">TVA non applicable, article 293B du Code G\u00e9n\u00e9ral des Imp\u00f4ts.<\/span><\/h2>\n<p>[\/et_pb_text][\/et_pb_column][\/et_pb_row][et_pb_row column_structure=\u00a0\u00bb2_5,3_5&Prime; _builder_version=\u00a0\u00bb4.16&Prime; _module_preset=\u00a0\u00bbdefault\u00a0\u00bb global_colors_info=\u00a0\u00bb{}\u00a0\u00bb][et_pb_column type=\u00a0\u00bb2_5&Prime; _builder_version=\u00a0\u00bb4.16&Prime; _module_preset=\u00a0\u00bbdefault\u00a0\u00bb global_colors_info=\u00a0\u00bb{}\u00a0\u00bb][et_pb_text _builder_version=\u00a0\u00bb4.23.1&Prime; _module_preset=\u00a0\u00bbf0cf31b9-b2e7-4752-a57c-6e2f73347b36&Prime; text_font=\u00a0\u00bbCabin||||||||\u00a0\u00bb text_text_color=\u00a0\u00bb#212B06&Prime; text_font_size=\u00a0\u00bb20px\u00a0\u00bb text_line_height=\u00a0\u00bb1.8em\u00a0\u00bb link_font=\u00a0\u00bb||||on||||\u00a0\u00bb link_text_color=\u00a0\u00bb#442854&Prime; custom_padding=\u00a0\u00bb||0px|||\u00a0\u00bb animation_style=\u00a0\u00bbslide\u00a0\u00bb hover_enabled=\u00a0\u00bb0&Prime; text_font_size_tablet=\u00a0\u00bb16px\u00a0\u00bb text_font_size_phone=\u00a0\u00bb14px\u00a0\u00bb text_font_size_last_edited=\u00a0\u00bbon|tablet\u00a0\u00bb header_font_size_tablet=\u00a0\u00bb55px\u00a0\u00bb header_font_size_last_edited=\u00a0\u00bboff|desktop\u00a0\u00bb border_radii=\u00a0\u00bbon|2px|2px|2px|2px\u00a0\u00bb global_colors_info=\u00a0\u00bb{}\u00a0\u00bb sticky_enabled=\u00a0\u00bb0&Prime;]<\/p>\n<p style=\"text-align: left;\">Les tarifs sont indiqu\u00e9s \u00e0 titre indicatif.<\/p>\n<p style=\"text-align: left;\">Chaque demande \u00e9tant particuli\u00e8re, un devis d\u00e9taill\u00e9 et adapt\u00e9 \u00e0 vos besoins sera r\u00e9alis\u00e9. (gratuit et sans engagement)<\/p>\n<p style=\"text-align: left;\">\n<p style=\"text-align: left;\"><span style=\"color: #ff6600;\"><strong>A DISTANCE \u2192 <\/strong>L&rsquo;heure : 30 \u20ac<\/span><\/p>\n<p><span style=\"color: #ff6600;\">FORFAITS :<\/span><\/p>\n<p><span style=\"color: #ff6600;\">* 10 heures \/ mois : 300 \u20ac<\/span><\/p>\n<p><span style=\"color: #ff6600;\">* 20 heures \/ mois : 580 \u20ac<\/span><\/p>\n<p><span style=\"color: #ff6600;\">* 30 heures \/ mois : 840 \u20ac<\/span><\/p>\n<p>&nbsp;<\/p>\n<p><span style=\"color: #008000;\"><strong>SUR SITE <\/strong>\u2192 L&rsquo;heure : 35 \u20ac<\/span><\/p>\n<p><span style=\"color: #008000;\">&#8211; La demi-journ\u00e9e (4h) : 140 \u20ac<\/span><\/p>\n<p><span style=\"color: #008000;\">&#8211; La journ\u00e9e (7 heures) : 245 \u20ac<\/span><\/p>\n<p><span style=\"color: #008000;\">FORFAITS :<\/span><\/p>\n<p><span style=\"color: #008000;\">* 2 jours \/ mois : 490 \u20ac<\/span><\/p>\n<p><span style=\"color: #008000;\">* 3 jours \/ mois : 693 \u20ac<\/span><\/p>\n<p><span style=\"color: #008000;\">* 4 jours \/ mois : 896 \u20ac<\/span><\/p>\n<p><span style=\"color: #008000;\">Les d\u00e9placements sont factur\u00e9s en sus.<\/span><\/p>\n<p>Les moyens de paiement accept\u00e9s sont : Virements, ch\u00e8ques et esp\u00e8ces.<\/p>\n<p>[\/et_pb_text][\/et_pb_column][et_pb_column type=\u00a0\u00bb3_5&Prime; _builder_version=\u00a0\u00bb4.16&Prime; _module_preset=\u00a0\u00bbdefault\u00a0\u00bb global_colors_info=\u00a0\u00bb{}\u00a0\u00bb][et_pb_image src=\u00a0\u00bbhttps:\/\/www.msbureautique.fr\/wp-content\/uploads\/2025\/01\/thumbnail_48f1ed06-8ab2-403a-b7fc-192e6c1afb5a.jpg\u00a0\u00bb title_text=\u00a0\u00bbthumbnail_48f1ed06-8ab2-403a-b7fc-192e6c1afb5a\u00a0\u00bb _builder_version=\u00a0\u00bb4.23.1&Prime; _module_preset=\u00a0\u00bbdefault\u00a0\u00bb width=\u00a0\u00bb100%\u00a0\u00bb custom_padding=\u00a0\u00bb|293px||||\u00a0\u00bb border_radii=\u00a0\u00bboff|300px|50px||\u00a0\u00bb global_colors_info=\u00a0\u00bb{}\u00a0\u00bb][\/et_pb_image][et_pb_button button_url=\u00a0\u00bbhttps:\/\/www.msbureautique.fr\/index.php\/contact-secretaire-independante\/\u00a0\u00bb button_text=\u00a0\u00bbPour me contacter\u00a0\u00bb _builder_version=\u00a0\u00bb4.23.1&Prime; _module_preset=\u00a0\u00bba30b17d4-93ca-4e94-b60e-0fad32ebe2b5&Prime; custom_button=\u00a0\u00bbon\u00a0\u00bb button_text_size=\u00a0\u00bb18px\u00a0\u00bb button_text_color=\u00a0\u00bb#FFFFFF\u00a0\u00bb button_bg_color=\u00a0\u00bb#212B06&Prime; button_border_width=\u00a0\u00bb0px\u00a0\u00bb button_border_radius=\u00a0\u00bb50px\u00a0\u00bb button_font=\u00a0\u00bbCabin||||||||\u00a0\u00bb button_icon=\u00a0\u00bb&#x24;||divi||400&Prime; custom_margin=\u00a0\u00bb||80px||false|false\u00a0\u00bb custom_padding=\u00a0\u00bb12px|32px|12px|32px|true|true\u00a0\u00bb global_colors_info=\u00a0\u00bb{}\u00a0\u00bb][\/et_pb_button][\/et_pb_column][\/et_pb_row][\/et_pb_section]<\/p>\n","protected":false},"excerpt":{"rendered":"<p>TARIFS : &nbsp; TVA non applicable, article 293B du Code G\u00e9n\u00e9ral des Imp\u00f4ts.Les tarifs sont indiqu\u00e9s \u00e0 titre indicatif. Chaque demande \u00e9tant particuli\u00e8re, un devis d\u00e9taill\u00e9 et adapt\u00e9 \u00e0 vos besoins sera r\u00e9alis\u00e9. (gratuit et sans engagement) A DISTANCE \u2192 L&rsquo;heure : 30 \u20ac FORFAITS : * 10 heures \/ mois : 300 \u20ac * [&hellip;]<\/p>\n","protected":false},"author":1,"featured_media":0,"parent":0,"menu_order":0,"comment_status":"closed","ping_status":"closed","template":"","meta":{"_et_pb_use_builder":"on","_et_pb_old_content":"","_et_gb_content_width":"","footnotes":""},"class_list":["post-263","page","type-page","status-publish","hentry"],"yoast_head":"<!-- This site is optimized with the Yoast SEO plugin v21.5 - https:\/\/yoast.com\/wordpress\/plugins\/seo\/ -->\n<title>Tarifs MS-BUREAUTIQUE<\/title>\n<meta name=\"description\" content=\"Pour conna\u00eetre les tarifs de MS Bureautique, c&#039;est par ici.\" \/>\n<meta name=\"robots\" content=\"index, follow, max-snippet:-1, max-image-preview:large, max-video-preview:-1\" \/>\n<link rel=\"canonical\" href=\"https:\/\/www.msbureautique.fr\/index.php\/tarifs-ms-bureautique\/\" \/>\n<meta property=\"og:locale\" content=\"fr_FR\" \/>\n<meta property=\"og:type\" content=\"article\" \/>\n<meta property=\"og:title\" content=\"Tarifs MS-BUREAUTIQUE\" \/>\n<meta property=\"og:description\" content=\"Pour conna\u00eetre les tarifs de MS Bureautique, c&#039;est par ici.\" \/>\n<meta property=\"og:url\" content=\"https:\/\/www.msbureautique.fr\/index.php\/tarifs-ms-bureautique\/\" \/>\n<meta property=\"og:site_name\" content=\"MS-BUREAUTIQUE\" \/>\n<meta property=\"article:modified_time\" content=\"2025-04-02T08:15:36+00:00\" \/>\n<meta name=\"twitter:card\" content=\"summary_large_image\" \/>\n<meta name=\"twitter:label1\" content=\"Dur\u00e9e de lecture estim\u00e9e\" \/>\n\t<meta name=\"twitter:data1\" content=\"2 minutes\" \/>\n<script type=\"application\/ld+json\" class=\"yoast-schema-graph\">{\"@context\":\"https:\/\/schema.org\",\"@graph\":[{\"@type\":\"WebPage\",\"@id\":\"https:\/\/www.msbureautique.fr\/index.php\/tarifs-ms-bureautique\/\",\"url\":\"https:\/\/www.msbureautique.fr\/index.php\/tarifs-ms-bureautique\/\",\"name\":\"Tarifs MS-BUREAUTIQUE\",\"isPartOf\":{\"@id\":\"https:\/\/www.msbureautique.fr\/#website\"},\"datePublished\":\"2023-11-11T19:23:13+00:00\",\"dateModified\":\"2025-04-02T08:15:36+00:00\",\"description\":\"Pour conna\u00eetre les tarifs de MS Bureautique, c'est par ici.\",\"breadcrumb\":{\"@id\":\"https:\/\/www.msbureautique.fr\/index.php\/tarifs-ms-bureautique\/#breadcrumb\"},\"inLanguage\":\"fr-FR\",\"potentialAction\":[{\"@type\":\"ReadAction\",\"target\":[\"https:\/\/www.msbureautique.fr\/index.php\/tarifs-ms-bureautique\/\"]}]},{\"@type\":\"BreadcrumbList\",\"@id\":\"https:\/\/www.msbureautique.fr\/index.php\/tarifs-ms-bureautique\/#breadcrumb\",\"itemListElement\":[{\"@type\":\"ListItem\",\"position\":1,\"name\":\"Accueil\",\"item\":\"https:\/\/www.msbureautique.fr\/\"},{\"@type\":\"ListItem\",\"position\":2,\"name\":\"Tarifs\"}]},{\"@type\":\"WebSite\",\"@id\":\"https:\/\/www.msbureautique.fr\/#website\",\"url\":\"https:\/\/www.msbureautique.fr\/\",\"name\":\"MS-BUREAUTIQUE\",\"description\":\"Votre partenaire en travaux de bureautique.\",\"potentialAction\":[{\"@type\":\"SearchAction\",\"target\":{\"@type\":\"EntryPoint\",\"urlTemplate\":\"https:\/\/www.msbureautique.fr\/?s={search_term_string}\"},\"query-input\":\"required name=search_term_string\"}],\"inLanguage\":\"fr-FR\"}]}<\/script>\n<!-- \/ Yoast SEO plugin. -->","yoast_head_json":{"title":"Tarifs MS-BUREAUTIQUE","description":"Pour conna\u00eetre les tarifs de MS Bureautique, c'est par ici.","robots":{"index":"index","follow":"follow","max-snippet":"max-snippet:-1","max-image-preview":"max-image-preview:large","max-video-preview":"max-video-preview:-1"},"canonical":"https:\/\/www.msbureautique.fr\/index.php\/tarifs-ms-bureautique\/","og_locale":"fr_FR","og_type":"article","og_title":"Tarifs MS-BUREAUTIQUE","og_description":"Pour conna\u00eetre les tarifs de MS Bureautique, c'est par ici.","og_url":"https:\/\/www.msbureautique.fr\/index.php\/tarifs-ms-bureautique\/","og_site_name":"MS-BUREAUTIQUE","article_modified_time":"2025-04-02T08:15:36+00:00","twitter_card":"summary_large_image","twitter_misc":{"Dur\u00e9e de lecture estim\u00e9e":"2 minutes"},"schema":{"@context":"https:\/\/schema.org","@graph":[{"@type":"WebPage","@id":"https:\/\/www.msbureautique.fr\/index.php\/tarifs-ms-bureautique\/","url":"https:\/\/www.msbureautique.fr\/index.php\/tarifs-ms-bureautique\/","name":"Tarifs MS-BUREAUTIQUE","isPartOf":{"@id":"https:\/\/www.msbureautique.fr\/#website"},"datePublished":"2023-11-11T19:23:13+00:00","dateModified":"2025-04-02T08:15:36+00:00","description":"Pour conna\u00eetre les tarifs de MS Bureautique, c'est par ici.","breadcrumb":{"@id":"https:\/\/www.msbureautique.fr\/index.php\/tarifs-ms-bureautique\/#breadcrumb"},"inLanguage":"fr-FR","potentialAction":[{"@type":"ReadAction","target":["https:\/\/www.msbureautique.fr\/index.php\/tarifs-ms-bureautique\/"]}]},{"@type":"BreadcrumbList","@id":"https:\/\/www.msbureautique.fr\/index.php\/tarifs-ms-bureautique\/#breadcrumb","itemListElement":[{"@type":"ListItem","position":1,"name":"Accueil","item":"https:\/\/www.msbureautique.fr\/"},{"@type":"ListItem","position":2,"name":"Tarifs"}]},{"@type":"WebSite","@id":"https:\/\/www.msbureautique.fr\/#website","url":"https:\/\/www.msbureautique.fr\/","name":"MS-BUREAUTIQUE","description":"Votre partenaire en travaux de bureautique.","potentialAction":[{"@type":"SearchAction","target":{"@type":"EntryPoint","urlTemplate":"https:\/\/www.msbureautique.fr\/?s={search_term_string}"},"query-input":"required name=search_term_string"}],"inLanguage":"fr-FR"}]}},"_links":{"self":[{"href":"https:\/\/www.msbureautique.fr\/index.php\/wp-json\/wp\/v2\/pages\/263","targetHints":{"allow":["GET"]}}],"collection":[{"href":"https:\/\/www.msbureautique.fr\/index.php\/wp-json\/wp\/v2\/pages"}],"about":[{"href":"https:\/\/www.msbureautique.fr\/index.php\/wp-json\/wp\/v2\/types\/page"}],"author":[{"embeddable":true,"href":"https:\/\/www.msbureautique.fr\/index.php\/wp-json\/wp\/v2\/users\/1"}],"replies":[{"embeddable":true,"href":"https:\/\/www.msbureautique.fr\/index.php\/wp-json\/wp\/v2\/comments?post=263"}],"version-history":[{"count":24,"href":"https:\/\/www.msbureautique.fr\/index.php\/wp-json\/wp\/v2\/pages\/263\/revisions"}],"predecessor-version":[{"id":1144,"href":"https:\/\/www.msbureautique.fr\/index.php\/wp-json\/wp\/v2\/pages\/263\/revisions\/1144"}],"wp:attachment":[{"href":"https:\/\/www.msbureautique.fr\/index.php\/wp-json\/wp\/v2\/media?parent=263"}],"curies":[{"name":"wp","href":"https:\/\/api.w.org\/{rel}","templated":true}]}}